{"id":449,"date":"2020-08-24T19:52:55","date_gmt":"2020-08-24T19:52:55","guid":{"rendered":"https:\/\/ebioquim.com\/tienda\/?post_type=product&#038;p=449"},"modified":"2020-08-24T19:53:45","modified_gmt":"2020-08-24T19:53:45","slug":"bano-maria-digital-12-litros","status":"publish","type":"product","link":"https:\/\/ebioquim.com\/tienda\/producto\/bano-maria-digital-12-litros\/","title":{"rendered":"Ba\u00f1o Mar\u00eda Digital 12 litros"},"content":{"rendered":"<p>Ba\u00f1o mar\u00eda con controles f\u00e1ciles de usar que permiten al usuario seleccionar digitalmente y monitorizar la configuraci\u00f3n. Ajustable en incrementos de 0,1\u00baC*, la temperatura se muestra en una pantalla grande de 3 d\u00edgitos*. La caracter\u00edstica patentada Quik-CAL\u2122 permite una calibraci\u00f3n sencilla en el laboratorio. * El aislamiento de alta eficiencia mantiene la estabilidad de la temperatura y la uniformidad dentro del ba\u00f1o, manteniendo la carcasa fresca al tacto.<\/p>\n<p>Todos los modelos cuentan con c\u00e1maras de acero inoxidable sin costuras para una f\u00e1cil limpieza y larga vida \u00fatil Las c\u00e1maras resisten el \u00f3xido y no tienen esquinas para recoger la suciedad o la contaminaci\u00f3n. Las unidades m\u00e1s grandes de 8L y 12L tienen desag\u00fces para cambios de agua sin complicaciones.<\/p>\n<p>Rango de temperatura de ambiente +5 a 100 \u00b0C<\/p>\n<p>Incremento de temperatura de 0.1 \u00b0C<\/p>\n<p>Uniformidad \u00b1 0.2\u00b0C a 37\u00b0C<\/p>\n<p>Incluye tapa<\/p>\n<p>C\u00e1mara de acero inoxidable<\/p>\n<p>Voltaje 115 v<\/p>\n<p>C\u00e1mara de 12.8 x 10.4 x 7.9 in<\/p>\n<p>&nbsp;<\/p>\n","protected":false},"excerpt":{"rendered":"<p>Ba\u00f1o mar\u00eda con controles f\u00e1ciles de usar que permiten al usuario seleccionar digitalmente y monitorizar la configuraci\u00f3n. Ajustable en incrementos de 0,1\u00baC*, la temperatura se muestra en una pantalla grande de 3 d\u00edgitos*. La caracter\u00edstica patentada Quik-CAL\u2122 permite una calibraci\u00f3n sencilla en el laboratorio. * El aislamiento de alta eficiencia mantiene la estabilidad de la [&hellip;]<\/p>\n","protected":false},"featured_media":447,"comment_status":"open","ping_status":"closed","template":"","meta":[],"product_brand":[],"product_cat":[42,38],"product_tag":[],"class_list":{"0":"post-449","1":"product","2":"type-product","3":"status-publish","4":"has-post-thumbnail","6":"product_cat-bano-maria","7":"product_cat-benchmark-scientific","9":"first","10":"instock","11":"shipping-taxable","12":"purchasable","13":"product-type-simple"},"_links":{"self":[{"href":"https:\/\/ebioquim.com\/tienda\/wp-json\/wp\/v2\/product\/449","targetHints":{"allow":["GET"]}}],"collection":[{"href":"https:\/\/ebioquim.com\/tienda\/wp-json\/wp\/v2\/product"}],"about":[{"href":"https:\/\/ebioquim.com\/tienda\/wp-json\/wp\/v2\/types\/product"}],"replies":[{"embeddable":true,"href":"https:\/\/ebioquim.com\/tienda\/wp-json\/wp\/v2\/comments?post=449"}],"wp:featuredmedia":[{"embeddable":true,"href":"https:\/\/ebioquim.com\/tienda\/wp-json\/wp\/v2\/media\/447"}],"wp:attachment":[{"href":"https:\/\/ebioquim.com\/tienda\/wp-json\/wp\/v2\/media?parent=449"}],"wp:term":[{"taxonomy":"product_brand","embeddable":true,"href":"https:\/\/ebioquim.com\/tienda\/wp-json\/wp\/v2\/product_brand?post=449"},{"taxonomy":"product_cat","embeddable":true,"href":"https:\/\/ebioquim.com\/tienda\/wp-json\/wp\/v2\/product_cat?post=449"},{"taxonomy":"product_tag","embeddable":true,"href":"https:\/\/ebioquim.com\/tienda\/wp-json\/wp\/v2\/product_tag?post=449"}],"curies":[{"name":"wp","href":"https:\/\/api.w.org\/{rel}","templated":true}]}}