{"id":445,"date":"2020-08-24T19:47:21","date_gmt":"2020-08-24T19:47:21","guid":{"rendered":"https:\/\/ebioquim.com\/tienda\/?post_type=product&#038;p=445"},"modified":"2020-08-24T19:48:52","modified_gmt":"2020-08-24T19:48:52","slug":"centrifuga-clinica-para-tubos-de-8-x-15-ml","status":"publish","type":"product","link":"https:\/\/ebioquim.com\/tienda\/producto\/centrifuga-clinica-para-tubos-de-8-x-15-ml\/","title":{"rendered":"Centrifuga cl\u00ednica para tubos de 8 x 15 ml"},"content":{"rendered":"<p>Rango m\u00e1ximo de velocidad de 5000 rpm 3070 x g<\/p>\n<p>Velocidad ajustable en incrementos de 100 rpm<\/p>\n<p>Tiempo ajustable 20 sec. to 99 min. \/ cont.<\/p>\n<p>Dimensiones (29.5 x 36.5 x 21 cm)<\/p>\n<p>Regulaci\u00f3n de niveles de aceleraci\u00f3n y desaceleraci\u00f3n<\/p>\n<p>Incluye rotor para tubos c\u00f3nicos o redondos de 15 ml y 10 ml.<\/p>\n<p>Opcional adaptadores para tubos de 5\/7 ml<\/p>\n<p>Voltaje 115 V<\/p>\n<p>&nbsp;<\/p>\n<p>&nbsp;<\/p>\n<p>&nbsp;<\/p>\n","protected":false},"excerpt":{"rendered":"<p>Rango m\u00e1ximo de velocidad de 5000 rpm 3070 x g Velocidad ajustable en incrementos de 100 rpm Tiempo ajustable 20 sec. to 99 min. \/ cont. Dimensiones (29.5 x 36.5 x 21 cm) Regulaci\u00f3n de niveles de aceleraci\u00f3n y desaceleraci\u00f3n Incluye rotor para tubos c\u00f3nicos o redondos de 15 ml y 10 ml. Opcional adaptadores [&hellip;]<\/p>\n","protected":false},"featured_media":443,"comment_status":"open","ping_status":"closed","template":"","meta":[],"product_brand":[],"product_cat":[38,41],"product_tag":[],"class_list":{"0":"post-445","1":"product","2":"type-product","3":"status-publish","4":"has-post-thumbnail","6":"product_cat-benchmark-scientific","7":"product_cat-centrifuga-clinica","9":"first","10":"instock","11":"shipping-taxable","12":"purchasable","13":"product-type-simple"},"_links":{"self":[{"href":"https:\/\/ebioquim.com\/tienda\/wp-json\/wp\/v2\/product\/445","targetHints":{"allow":["GET"]}}],"collection":[{"href":"https:\/\/ebioquim.com\/tienda\/wp-json\/wp\/v2\/product"}],"about":[{"href":"https:\/\/ebioquim.com\/tienda\/wp-json\/wp\/v2\/types\/product"}],"replies":[{"embeddable":true,"href":"https:\/\/ebioquim.com\/tienda\/wp-json\/wp\/v2\/comments?post=445"}],"wp:featuredmedia":[{"embeddable":true,"href":"https:\/\/ebioquim.com\/tienda\/wp-json\/wp\/v2\/media\/443"}],"wp:attachment":[{"href":"https:\/\/ebioquim.com\/tienda\/wp-json\/wp\/v2\/media?parent=445"}],"wp:term":[{"taxonomy":"product_brand","embeddable":true,"href":"https:\/\/ebioquim.com\/tienda\/wp-json\/wp\/v2\/product_brand?post=445"},{"taxonomy":"product_cat","embeddable":true,"href":"https:\/\/ebioquim.com\/tienda\/wp-json\/wp\/v2\/product_cat?post=445"},{"taxonomy":"product_tag","embeddable":true,"href":"https:\/\/ebioquim.com\/tienda\/wp-json\/wp\/v2\/product_tag?post=445"}],"curies":[{"name":"wp","href":"https:\/\/api.w.org\/{rel}","templated":true}]}}