{"id":438,"date":"2020-08-24T19:42:35","date_gmt":"2020-08-24T19:42:35","guid":{"rendered":"https:\/\/ebioquim.com\/tienda\/?post_type=product&#038;p=438"},"modified":"2020-08-24T19:42:35","modified_gmt":"2020-08-24T19:42:35","slug":"incubadora-digital-conveccion-dual-40-litros","status":"publish","type":"product","link":"https:\/\/ebioquim.com\/tienda\/producto\/incubadora-digital-conveccion-dual-40-litros\/","title":{"rendered":"Incubadora digital convecci\u00f3n dual 40 litros"},"content":{"rendered":"<p>La nueva incubadora proporciona el nivel m\u00e1s alto de control de temperatura con niveles de uniformidad y estabilidad que son incomparables para los modelos competitivos de la misma clase. Cada incubadora est\u00e1 equipada con el sistema de registro de datos SureCheck\u2122 para la verificaci\u00f3n de la temperatura de la c\u00e1mara. El sistema SureCheck registra puntos de datos de temperatura tan a menudo como cada 60 segundos y almacena esta informaci\u00f3n en una unidad flash. Los datos pueden entonces ser vistos y guardados usando el software incluido de SureCheck. Los datos registrados tambi\u00e9n se pueden utilizar para trazar puntos de temperatura en un gr\u00e1fico o exportados a un programa de hoja extendida para verificaci\u00f3n o almacenamiento\/ mantenimiento de registros.<\/p>\n<p>Convecci\u00f3n mec\u00e1nica: Incorpora elementos calefactores \u00f3ptimamente posicionados en conjunto con un ventilador de c\u00e1mara interna para controlar el temple interno. Convecci\u00f3n por gravedad: Elimina cualquier flujo de aire de la c\u00e1mara, dependiendo \u00fanicamente de los elementos calefactores y la gravedad para controlar la temperatura interna.<\/p>\n<p>Control preciso de temperatura con rango de ambiente + 5 a 75\u00b0C<\/p>\n<p>Incrementos de temperatura de 0.1\u00b0C<\/p>\n<p>Excelente uniformidad \u00b10.25\u00b0C<\/p>\n<p>Tecnolog\u00eda de convecci\u00f3n dual (por gravedad y mec\u00e1nica)<\/p>\n<p>C\u00e1mara de acero inoxidable con toma de corriente interna.<\/p>\n<p>Incluye software<\/p>\n<p>Dimensiones internas 57 x 59.2 x 58 cm<\/p>\n","protected":false},"excerpt":{"rendered":"<p>La nueva incubadora proporciona el nivel m\u00e1s alto de control de temperatura con niveles de uniformidad y estabilidad que son incomparables para los modelos competitivos de la misma clase. Cada incubadora est\u00e1 equipada con el sistema de registro de datos SureCheck\u2122 para la verificaci\u00f3n de la temperatura de la c\u00e1mara. El sistema SureCheck registra puntos [&hellip;]<\/p>\n","protected":false},"featured_media":440,"comment_status":"open","ping_status":"closed","template":"","meta":[],"product_brand":[],"product_cat":[38,40],"product_tag":[],"class_list":{"0":"post-438","1":"product","2":"type-product","3":"status-publish","4":"has-post-thumbnail","6":"product_cat-benchmark-scientific","7":"product_cat-incubadora","9":"first","10":"instock","11":"shipping-taxable","12":"purchasable","13":"product-type-simple"},"_links":{"self":[{"href":"https:\/\/ebioquim.com\/tienda\/wp-json\/wp\/v2\/product\/438","targetHints":{"allow":["GET"]}}],"collection":[{"href":"https:\/\/ebioquim.com\/tienda\/wp-json\/wp\/v2\/product"}],"about":[{"href":"https:\/\/ebioquim.com\/tienda\/wp-json\/wp\/v2\/types\/product"}],"replies":[{"embeddable":true,"href":"https:\/\/ebioquim.com\/tienda\/wp-json\/wp\/v2\/comments?post=438"}],"wp:featuredmedia":[{"embeddable":true,"href":"https:\/\/ebioquim.com\/tienda\/wp-json\/wp\/v2\/media\/440"}],"wp:attachment":[{"href":"https:\/\/ebioquim.com\/tienda\/wp-json\/wp\/v2\/media?parent=438"}],"wp:term":[{"taxonomy":"product_brand","embeddable":true,"href":"https:\/\/ebioquim.com\/tienda\/wp-json\/wp\/v2\/product_brand?post=438"},{"taxonomy":"product_cat","embeddable":true,"href":"https:\/\/ebioquim.com\/tienda\/wp-json\/wp\/v2\/product_cat?post=438"},{"taxonomy":"product_tag","embeddable":true,"href":"https:\/\/ebioquim.com\/tienda\/wp-json\/wp\/v2\/product_tag?post=438"}],"curies":[{"name":"wp","href":"https:\/\/api.w.org\/{rel}","templated":true}]}}