{"id":435,"date":"2020-08-24T19:39:48","date_gmt":"2020-08-24T19:39:48","guid":{"rendered":"https:\/\/ebioquim.com\/tienda\/?post_type=product&#038;p=435"},"modified":"2020-08-24T19:39:48","modified_gmt":"2020-08-24T19:39:48","slug":"incubadora-digital-calentamiento-y-enfriamiento","status":"publish","type":"product","link":"https:\/\/ebioquim.com\/tienda\/producto\/incubadora-digital-calentamiento-y-enfriamiento\/","title":{"rendered":"Incubadora digital calentamiento y enfriamiento"},"content":{"rendered":"<p>Incubadora est\u00e1 dise\u00f1ada para proporcionar un control de temperatura preciso y uniforme de 0 a 60\u00b0C. El amplio rango de temperatura del instrumento ampl\u00eda el uso de esta incubadora para aplicaciones de calefacci\u00f3n y refrigeraci\u00f3n. Una gran pantalla digital permite visualizar la temperatura de la c\u00e1mara y el tiempo de incubaci\u00f3n restante, mientras que se incluye una luz interna para mejorar la visualizaci\u00f3n de la c\u00e1mara. Adem\u00e1s, una toma de corriente interna incorporada se puede utilizar para proporcionar energ\u00eda a peque\u00f1os instrumentos.<\/p>\n<p>Con la tecnolog\u00eda de aire forzado y la construcci\u00f3n interior de acero inoxidable, la transferencia de calor uniforme est\u00e1 garantizada en toda la c\u00e1mara interna.<\/p>\n<p>Rango de temperatura de 0 a 60 \u00b0C<\/p>\n<p>Compresor potente mantiene 0\u00b0C<\/p>\n<p>C\u00e1mara interna de acero inoxidable<\/p>\n<p>Toma de corriente interna.<\/p>\n<p>Para aplicaciones de BOD y Drosophila<\/p>\n<p>Capacidad de 65 litros<\/p>\n<p>Incluye dos racks.<\/p>\n<p>Capacidad de 30 botellas de BOD\u00a0 (300 ML)<\/p>\n<p>Dimensiones externas de 54 x 53.34 x 99.85 cm<\/p>\n<p>Dimensiones internas 40 x 32.4 x 50.2 cm<\/p>\n<p>Refrigerante R134A<\/p>\n<p>Opera a 115 V.<\/p>\n<p>&nbsp;<\/p>\n","protected":false},"excerpt":{"rendered":"<p>Incubadora est\u00e1 dise\u00f1ada para proporcionar un control de temperatura preciso y uniforme de 0 a 60\u00b0C. El amplio rango de temperatura del instrumento ampl\u00eda el uso de esta incubadora para aplicaciones de calefacci\u00f3n y refrigeraci\u00f3n. Una gran pantalla digital permite visualizar la temperatura de la c\u00e1mara y el tiempo de incubaci\u00f3n restante, mientras que se [&hellip;]<\/p>\n","protected":false},"featured_media":436,"comment_status":"open","ping_status":"closed","template":"","meta":[],"product_brand":[],"product_cat":[38,40],"product_tag":[],"class_list":{"0":"post-435","1":"product","2":"type-product","3":"status-publish","4":"has-post-thumbnail","6":"product_cat-benchmark-scientific","7":"product_cat-incubadora","9":"first","10":"instock","11":"shipping-taxable","12":"purchasable","13":"product-type-simple"},"_links":{"self":[{"href":"https:\/\/ebioquim.com\/tienda\/wp-json\/wp\/v2\/product\/435","targetHints":{"allow":["GET"]}}],"collection":[{"href":"https:\/\/ebioquim.com\/tienda\/wp-json\/wp\/v2\/product"}],"about":[{"href":"https:\/\/ebioquim.com\/tienda\/wp-json\/wp\/v2\/types\/product"}],"replies":[{"embeddable":true,"href":"https:\/\/ebioquim.com\/tienda\/wp-json\/wp\/v2\/comments?post=435"}],"wp:featuredmedia":[{"embeddable":true,"href":"https:\/\/ebioquim.com\/tienda\/wp-json\/wp\/v2\/media\/436"}],"wp:attachment":[{"href":"https:\/\/ebioquim.com\/tienda\/wp-json\/wp\/v2\/media?parent=435"}],"wp:term":[{"taxonomy":"product_brand","embeddable":true,"href":"https:\/\/ebioquim.com\/tienda\/wp-json\/wp\/v2\/product_brand?post=435"},{"taxonomy":"product_cat","embeddable":true,"href":"https:\/\/ebioquim.com\/tienda\/wp-json\/wp\/v2\/product_cat?post=435"},{"taxonomy":"product_tag","embeddable":true,"href":"https:\/\/ebioquim.com\/tienda\/wp-json\/wp\/v2\/product_tag?post=435"}],"curies":[{"name":"wp","href":"https:\/\/api.w.org\/{rel}","templated":true}]}}