{"id":432,"date":"2020-08-24T19:33:52","date_gmt":"2020-08-24T19:33:52","guid":{"rendered":"https:\/\/ebioquim.com\/tienda\/?post_type=product&#038;p=432"},"modified":"2020-08-24T19:33:52","modified_gmt":"2020-08-24T19:33:52","slug":"incubadora-mini-digital-co2","status":"publish","type":"product","link":"https:\/\/ebioquim.com\/tienda\/producto\/incubadora-mini-digital-co2\/","title":{"rendered":"Incubadora mini digital CO2"},"content":{"rendered":"<p>Incubadora peque\u00f1a y econ\u00f3mica para aplicaciones que requieren control de gas CO2 con una capa gruesa de aislamiento de alta eficiencia que rodea la c\u00e1mara, la incubadora tambi\u00e9n es ideal para el transporte de c\u00e9lulas. Una vez desconectada la alimentaci\u00f3n, la incubadora mantiene los niveles de temperatura dentro del 10% del par\u00e1metro establecido hasta 1 hora*. Adem\u00e1s cada modelo incluye un adaptador de alimentaci\u00f3n del veh\u00edculo de 12V para operar el instrumento en un coche, barco, etc. Tanto la temperatura como el porcentaje de CO2 son ajustables digitalmente y se muestran en tiempo real en el gran panel de control LED. Este panel tambi\u00e9n cuenta con una funci\u00f3n \u00abCal\u00bb, para una f\u00e1cil calibraci\u00f3n en el laboratorio de la temperatura o el CO2.<\/p>\n<p>Rango de temperatura de 10\u00b0C por debajo de la temperatura ambiente a 55\u00b0C<\/p>\n<p>Uniformidad de 0.5 \u00b0C<\/p>\n<p>Incrementos de temperatura de 0.1 \u00b0C<\/p>\n<p>Incluye dos charolas de acero inoxidable<\/p>\n<p>Acepta botellas y matraces hasta de 2 litros<\/p>\n<p>Humedad de 70 a 80 %<\/p>\n<p>Capacidad de 20 litros<\/p>\n<p>Dimensiones internas de 26 x 23.5 x 32.5 cm<\/p>\n<p>Dimensiones Externas 33.5 x 37 x 47.5 cm<\/p>\n<p>&nbsp;<\/p>\n","protected":false},"excerpt":{"rendered":"<p>Incubadora peque\u00f1a y econ\u00f3mica para aplicaciones que requieren control de gas CO2 con una capa gruesa de aislamiento de alta eficiencia que rodea la c\u00e1mara, la incubadora tambi\u00e9n es ideal para el transporte de c\u00e9lulas. Una vez desconectada la alimentaci\u00f3n, la incubadora mantiene los niveles de temperatura dentro del 10% del par\u00e1metro establecido hasta 1 [&hellip;]<\/p>\n","protected":false},"featured_media":434,"comment_status":"open","ping_status":"closed","template":"","meta":[],"product_brand":[],"product_cat":[38,40],"product_tag":[],"class_list":{"0":"post-432","1":"product","2":"type-product","3":"status-publish","4":"has-post-thumbnail","6":"product_cat-benchmark-scientific","7":"product_cat-incubadora","9":"first","10":"instock","11":"shipping-taxable","12":"purchasable","13":"product-type-simple"},"_links":{"self":[{"href":"https:\/\/ebioquim.com\/tienda\/wp-json\/wp\/v2\/product\/432","targetHints":{"allow":["GET"]}}],"collection":[{"href":"https:\/\/ebioquim.com\/tienda\/wp-json\/wp\/v2\/product"}],"about":[{"href":"https:\/\/ebioquim.com\/tienda\/wp-json\/wp\/v2\/types\/product"}],"replies":[{"embeddable":true,"href":"https:\/\/ebioquim.com\/tienda\/wp-json\/wp\/v2\/comments?post=432"}],"wp:featuredmedia":[{"embeddable":true,"href":"https:\/\/ebioquim.com\/tienda\/wp-json\/wp\/v2\/media\/434"}],"wp:attachment":[{"href":"https:\/\/ebioquim.com\/tienda\/wp-json\/wp\/v2\/media?parent=432"}],"wp:term":[{"taxonomy":"product_brand","embeddable":true,"href":"https:\/\/ebioquim.com\/tienda\/wp-json\/wp\/v2\/product_brand?post=432"},{"taxonomy":"product_cat","embeddable":true,"href":"https:\/\/ebioquim.com\/tienda\/wp-json\/wp\/v2\/product_cat?post=432"},{"taxonomy":"product_tag","embeddable":true,"href":"https:\/\/ebioquim.com\/tienda\/wp-json\/wp\/v2\/product_tag?post=432"}],"curies":[{"name":"wp","href":"https:\/\/api.w.org\/{rel}","templated":true}]}}