{"id":425,"date":"2020-08-24T19:19:59","date_gmt":"2020-08-24T19:19:59","guid":{"rendered":"https:\/\/ebioquim.com\/tienda\/?post_type=product&#038;p=425"},"modified":"2020-08-24T19:21:16","modified_gmt":"2020-08-24T19:21:16","slug":"parrilla-control-digital-7-x-7","status":"publish","type":"product","link":"https:\/\/ebioquim.com\/tienda\/producto\/parrilla-control-digital-7-x-7\/","title":{"rendered":"Parrilla control digital 7 X 7\u201d"},"content":{"rendered":"<p>El sistema de monitoreo constante proporciona un control preciso de la temperatura con calentamiento r\u00e1pido y tiempos de ebullici\u00f3n m\u00e1s r\u00e1pidos. Adem\u00e1s, el potente sistema de accionamiento del motor garantiza una mezcla eficiente en muestras m\u00e1s grandes y m\u00e1s viscosas. La temperatura y la velocidad de mezcla se pueden ver en la gran pantalla digital y un LED de seguridad se ilumina cuando la temperatura de la placa superior supera los 50\u00b0C.\u00a0 compatible con una sonda de temperatura externa para aplicaciones que requieren un control preciso de la temperatura de la muestra solicitar por separado<\/p>\n<p>Placa superior de cer\u00e1mica blanca resistente a qu\u00edmicos<\/p>\n<p>Velocidad de agitaci\u00f3n de 60 a 1500 RPM<\/p>\n<p>Control de temperatura de 35 a 380 \u00b0C<\/p>\n<p>Opera a 120V 60Hz<\/p>\n<p>Control por microprocesador<\/p>\n<p>Compatibles con una amplia variedad de tama\u00f1os populares de vasos de vidrio de borosilicato, frascos, botellas y otros recipientes.<\/p>\n<p>&nbsp;<\/p>\n","protected":false},"excerpt":{"rendered":"<p>El sistema de monitoreo constante proporciona un control preciso de la temperatura con calentamiento r\u00e1pido y tiempos de ebullici\u00f3n m\u00e1s r\u00e1pidos. Adem\u00e1s, el potente sistema de accionamiento del motor garantiza una mezcla eficiente en muestras m\u00e1s grandes y m\u00e1s viscosas. La temperatura y la velocidad de mezcla se pueden ver en la gran pantalla digital [&hellip;]<\/p>\n","protected":false},"featured_media":424,"comment_status":"open","ping_status":"closed","template":"","meta":[],"product_brand":[],"product_cat":[38,39],"product_tag":[],"class_list":{"0":"post-425","1":"product","2":"type-product","3":"status-publish","4":"has-post-thumbnail","6":"product_cat-benchmark-scientific","7":"product_cat-parrillas","9":"first","10":"instock","11":"shipping-taxable","12":"purchasable","13":"product-type-simple"},"_links":{"self":[{"href":"https:\/\/ebioquim.com\/tienda\/wp-json\/wp\/v2\/product\/425","targetHints":{"allow":["GET"]}}],"collection":[{"href":"https:\/\/ebioquim.com\/tienda\/wp-json\/wp\/v2\/product"}],"about":[{"href":"https:\/\/ebioquim.com\/tienda\/wp-json\/wp\/v2\/types\/product"}],"replies":[{"embeddable":true,"href":"https:\/\/ebioquim.com\/tienda\/wp-json\/wp\/v2\/comments?post=425"}],"wp:featuredmedia":[{"embeddable":true,"href":"https:\/\/ebioquim.com\/tienda\/wp-json\/wp\/v2\/media\/424"}],"wp:attachment":[{"href":"https:\/\/ebioquim.com\/tienda\/wp-json\/wp\/v2\/media?parent=425"}],"wp:term":[{"taxonomy":"product_brand","embeddable":true,"href":"https:\/\/ebioquim.com\/tienda\/wp-json\/wp\/v2\/product_brand?post=425"},{"taxonomy":"product_cat","embeddable":true,"href":"https:\/\/ebioquim.com\/tienda\/wp-json\/wp\/v2\/product_cat?post=425"},{"taxonomy":"product_tag","embeddable":true,"href":"https:\/\/ebioquim.com\/tienda\/wp-json\/wp\/v2\/product_tag?post=425"}],"curies":[{"name":"wp","href":"https:\/\/api.w.org\/{rel}","templated":true}]}}