{"id":421,"date":"2020-08-24T19:15:51","date_gmt":"2020-08-24T19:15:51","guid":{"rendered":"https:\/\/ebioquim.com\/tienda\/?post_type=product&#038;p=421"},"modified":"2020-08-24T19:15:51","modified_gmt":"2020-08-24T19:15:51","slug":"parrilla-con-agitacion-control-analogo","status":"publish","type":"product","link":"https:\/\/ebioquim.com\/tienda\/producto\/parrilla-con-agitacion-control-analogo\/","title":{"rendered":"Parrilla con agitaci\u00f3n control an\u00e1logo"},"content":{"rendered":"<p>Compatible con una amplia variedad de tama\u00f1os populares de vasos de vidrio de borosilicato, frascos, botellas y otros recipientes.<\/p>\n<p>Placa de cer\u00e1mica resistente a qu\u00edmicos<\/p>\n<p>Velocidad de agitaci\u00f3n de 60 a 1500 RPM<\/p>\n<p>Control de temperatura de 35 a 380\u00b0C<\/p>\n<p>Dimensiones de la plataforma 7.1 x 7.1 in.\/ 180 x 180 mm<\/p>\n<p>Opera a 120V 60Hz<\/p>\n<p>Control por microprocesador<\/p>\n<p>Compatibles con una amplia variedad de tama\u00f1os populares de vasos de vidrio de borosilicato, frascos, botellas y otros recipientes.<\/p>\n<p>&nbsp;<\/p>\n","protected":false},"excerpt":{"rendered":"<p>Compatible con una amplia variedad de tama\u00f1os populares de vasos de vidrio de borosilicato, frascos, botellas y otros recipientes. Placa de cer\u00e1mica resistente a qu\u00edmicos Velocidad de agitaci\u00f3n de 60 a 1500 RPM Control de temperatura de 35 a 380\u00b0C Dimensiones de la plataforma 7.1 x 7.1 in.\/ 180 x 180 mm Opera a 120V [&hellip;]<\/p>\n","protected":false},"featured_media":422,"comment_status":"open","ping_status":"closed","template":"","meta":[],"product_brand":[],"product_cat":[38,39],"product_tag":[],"class_list":{"0":"post-421","1":"product","2":"type-product","3":"status-publish","4":"has-post-thumbnail","6":"product_cat-benchmark-scientific","7":"product_cat-parrillas","9":"first","10":"instock","11":"shipping-taxable","12":"purchasable","13":"product-type-simple"},"_links":{"self":[{"href":"https:\/\/ebioquim.com\/tienda\/wp-json\/wp\/v2\/product\/421","targetHints":{"allow":["GET"]}}],"collection":[{"href":"https:\/\/ebioquim.com\/tienda\/wp-json\/wp\/v2\/product"}],"about":[{"href":"https:\/\/ebioquim.com\/tienda\/wp-json\/wp\/v2\/types\/product"}],"replies":[{"embeddable":true,"href":"https:\/\/ebioquim.com\/tienda\/wp-json\/wp\/v2\/comments?post=421"}],"wp:featuredmedia":[{"embeddable":true,"href":"https:\/\/ebioquim.com\/tienda\/wp-json\/wp\/v2\/media\/422"}],"wp:attachment":[{"href":"https:\/\/ebioquim.com\/tienda\/wp-json\/wp\/v2\/media?parent=421"}],"wp:term":[{"taxonomy":"product_brand","embeddable":true,"href":"https:\/\/ebioquim.com\/tienda\/wp-json\/wp\/v2\/product_brand?post=421"},{"taxonomy":"product_cat","embeddable":true,"href":"https:\/\/ebioquim.com\/tienda\/wp-json\/wp\/v2\/product_cat?post=421"},{"taxonomy":"product_tag","embeddable":true,"href":"https:\/\/ebioquim.com\/tienda\/wp-json\/wp\/v2\/product_tag?post=421"}],"curies":[{"name":"wp","href":"https:\/\/api.w.org\/{rel}","templated":true}]}}