{"id":395,"date":"2020-08-19T21:07:05","date_gmt":"2020-08-19T21:07:05","guid":{"rendered":"https:\/\/ebioquim.com\/tienda\/?post_type=product&#038;p=395"},"modified":"2020-09-09T00:28:17","modified_gmt":"2020-09-09T00:28:17","slug":"fuente-de-poder-modelo-powerpro3amp","status":"publish","type":"product","link":"https:\/\/ebioquim.com\/tienda\/producto\/fuente-de-poder-modelo-powerpro3amp\/","title":{"rendered":"Fuente de poder modelo POWERPRO3AMP"},"content":{"rendered":"<p>Est\u00e1 dise\u00f1ado para pr\u00e1cticamente todas las aplicaciones de electroforesis de alta corriente. La capacidad de salida de corriente m\u00e1s alta de la PowerPro 3AMP es perfecta para unidades de electrotransferencia con electrodos de placa de alta intensidad, particularmente Cleaver Scientific omniBLOT maxi, VS20 WAVE y sistemas de secado semiseco. Las electrotransferencias se pueden realizar como carreras cronometradas en modo constante o programable para evitar el sobrecalentamiento y el agotamiento del b\u00fafer. Un tiempo de ejecuci\u00f3n extensible a un m\u00e1ximo de 999 minutos en modo constante tambi\u00e9n es \u00fatil para transferencias nocturnas realizadas a corriente baja constante en sistemas de electrodos de alambre.<\/p>\n<p>Dimensiones (cm) 21.5 x 33.5 x 10.4<\/p>\n<p>Timer 1 a 999 min<\/p>\n<p>Display 2.4\u201d TFT<\/p>\n<p>Control por\u00a0 microprocesador<\/p>\n<p>Voltaje m\u00e1ximo 300V<\/p>\n<p>Corriente m\u00e1xima 3000 mA<\/p>\n<p>Poder m\u00e1ximo 300W<\/p>\n<p>N\u00famero de salidas 5<\/p>\n<p>N\u00famero de catalogo POWERPRO3AMP<\/p>\n<p>&nbsp;<\/p>\n","protected":false},"excerpt":{"rendered":"<p>Est\u00e1 dise\u00f1ado para pr\u00e1cticamente todas las aplicaciones de electroforesis de alta corriente. La capacidad de salida de corriente m\u00e1s alta de la PowerPro 3AMP es perfecta para unidades de electrotransferencia con electrodos de placa de alta intensidad, particularmente Cleaver Scientific omniBLOT maxi, VS20 WAVE y sistemas de secado semiseco. Las electrotransferencias se pueden realizar como [&hellip;]<\/p>\n","protected":false},"featured_media":396,"comment_status":"open","ping_status":"closed","template":"","meta":[],"product_brand":[],"product_cat":[35,37],"product_tag":[43],"class_list":{"0":"post-395","1":"product","2":"type-product","3":"status-publish","4":"has-post-thumbnail","6":"product_cat-cleaver-scientific","7":"product_cat-fuente-de-poder","8":"product_tag-entrega-inmediata","10":"first","11":"instock","12":"shipping-taxable","13":"purchasable","14":"product-type-simple"},"_links":{"self":[{"href":"https:\/\/ebioquim.com\/tienda\/wp-json\/wp\/v2\/product\/395","targetHints":{"allow":["GET"]}}],"collection":[{"href":"https:\/\/ebioquim.com\/tienda\/wp-json\/wp\/v2\/product"}],"about":[{"href":"https:\/\/ebioquim.com\/tienda\/wp-json\/wp\/v2\/types\/product"}],"replies":[{"embeddable":true,"href":"https:\/\/ebioquim.com\/tienda\/wp-json\/wp\/v2\/comments?post=395"}],"wp:featuredmedia":[{"embeddable":true,"href":"https:\/\/ebioquim.com\/tienda\/wp-json\/wp\/v2\/media\/396"}],"wp:attachment":[{"href":"https:\/\/ebioquim.com\/tienda\/wp-json\/wp\/v2\/media?parent=395"}],"wp:term":[{"taxonomy":"product_brand","embeddable":true,"href":"https:\/\/ebioquim.com\/tienda\/wp-json\/wp\/v2\/product_brand?post=395"},{"taxonomy":"product_cat","embeddable":true,"href":"https:\/\/ebioquim.com\/tienda\/wp-json\/wp\/v2\/product_cat?post=395"},{"taxonomy":"product_tag","embeddable":true,"href":"https:\/\/ebioquim.com\/tienda\/wp-json\/wp\/v2\/product_tag?post=395"}],"curies":[{"name":"wp","href":"https:\/\/api.w.org\/{rel}","templated":true}]}}