{"id":393,"date":"2020-08-19T21:02:14","date_gmt":"2020-08-19T21:02:14","guid":{"rendered":"https:\/\/ebioquim.com\/tienda\/?post_type=product&#038;p=393"},"modified":"2020-08-20T23:10:49","modified_gmt":"2020-08-20T23:10:49","slug":"micropipeta-de-un-canal-marca-modelo-omnipette","status":"publish","type":"product","link":"https:\/\/ebioquim.com\/tienda\/producto\/micropipeta-de-un-canal-marca-modelo-omnipette\/","title":{"rendered":"Micropipeta de un canal marca modelo OmniPETTE"},"content":{"rendered":"<p>Cleaver Scientific ofrece una amplia gama de modelos de pipetas, y los ejes de la OmniPETTE est\u00e1n dise\u00f1ados para adaptarse a todos los consejos populares. Para garantizar una precisi\u00f3n y repetibilidad excepcionales, cada pipeta Cleaver Scientific se calibra manualmente. El rendimiento de cada pipeta se comprueba mediante m\u00e9todos gravim\u00e9tricos y los resultados de la prueba se imprimen en el certificado de control de calidad de la pipeta.<\/p>\n<p>Caracter\u00edsticas;<\/p>\n<p>F\u00e1cil de operaci\u00f3n para usuarios diestros y zurdos<\/p>\n<p>Fuerzas de pipeteo bajas<\/p>\n<p>Eje altamente resistente a los rayos UV<\/p>\n<p>Sistema de recalibraci\u00f3n<\/p>\n<p>Totalmente Autoclaveable<\/p>\n<p>Disponibles en una amplia gama de vol\u00famenes de 0,1 \u00b5l a 10000 \u00b5l.<\/p>\n<p>Pantalla de gran volumen<\/p>\n<p>Los n\u00fameros f\u00e1ciles de leer facilitan al usuario comprobar el progreso.<\/p>\n<p>Se prueba individualmente (certificado de control de calidad incluido)<\/p>\n<p>Incluye llave de calibraci\u00f3n que permite una recalibraci\u00f3n r\u00e1pida y precisa de la pipeta.<\/p>\n<p>&nbsp;<\/p>\n","protected":false},"excerpt":{"rendered":"<p>Cleaver Scientific ofrece una amplia gama de modelos de pipetas, y los ejes de la OmniPETTE est\u00e1n dise\u00f1ados para adaptarse a todos los consejos populares. Para garantizar una precisi\u00f3n y repetibilidad excepcionales, cada pipeta Cleaver Scientific se calibra manualmente. El rendimiento de cada pipeta se comprueba mediante m\u00e9todos gravim\u00e9tricos y los resultados de la prueba [&hellip;]<\/p>\n","protected":false},"featured_media":394,"comment_status":"open","ping_status":"closed","template":"","meta":[],"product_brand":[],"product_cat":[35,36],"product_tag":[],"class_list":{"0":"post-393","1":"product","2":"type-product","3":"status-publish","4":"has-post-thumbnail","6":"product_cat-cleaver-scientific","7":"product_cat-micropipeta-de-un-canal","9":"first","10":"instock","11":"shipping-taxable","12":"purchasable","13":"product-type-simple"},"_links":{"self":[{"href":"https:\/\/ebioquim.com\/tienda\/wp-json\/wp\/v2\/product\/393","targetHints":{"allow":["GET"]}}],"collection":[{"href":"https:\/\/ebioquim.com\/tienda\/wp-json\/wp\/v2\/product"}],"about":[{"href":"https:\/\/ebioquim.com\/tienda\/wp-json\/wp\/v2\/types\/product"}],"replies":[{"embeddable":true,"href":"https:\/\/ebioquim.com\/tienda\/wp-json\/wp\/v2\/comments?post=393"}],"wp:featuredmedia":[{"embeddable":true,"href":"https:\/\/ebioquim.com\/tienda\/wp-json\/wp\/v2\/media\/394"}],"wp:attachment":[{"href":"https:\/\/ebioquim.com\/tienda\/wp-json\/wp\/v2\/media?parent=393"}],"wp:term":[{"taxonomy":"product_brand","embeddable":true,"href":"https:\/\/ebioquim.com\/tienda\/wp-json\/wp\/v2\/product_brand?post=393"},{"taxonomy":"product_cat","embeddable":true,"href":"https:\/\/ebioquim.com\/tienda\/wp-json\/wp\/v2\/product_cat?post=393"},{"taxonomy":"product_tag","embeddable":true,"href":"https:\/\/ebioquim.com\/tienda\/wp-json\/wp\/v2\/product_tag?post=393"}],"curies":[{"name":"wp","href":"https:\/\/api.w.org\/{rel}","templated":true}]}}