{"id":382,"date":"2020-08-19T20:46:29","date_gmt":"2020-08-19T20:46:29","guid":{"rendered":"https:\/\/ebioquim.com\/tienda\/?post_type=product&#038;p=382"},"modified":"2020-09-09T00:28:17","modified_gmt":"2020-09-09T00:28:17","slug":"balanza-de-precision-modelo-equinox","status":"publish","type":"product","link":"https:\/\/ebioquim.com\/tienda\/producto\/balanza-de-precision-modelo-equinox\/","title":{"rendered":"Balanza de precisi\u00f3n modelo Equinox"},"content":{"rendered":"<p>Para Aplicaciones de investigaci\u00f3n y control de calidad, educaci\u00f3n cient\u00edfica, conteo de precisi\u00f3n, y aplicaciones de producci\u00f3n y fabricaci\u00f3n que requieren resultados excepcionalmente precisos. Su pantalla t\u00e1ctil proporciona un funcionamiento intuitivo, con men\u00fas accionados por iconos y aplicaciones y funciones f\u00e1cilmente accesibles. La pantalla de cinco pulgadas ofrece una resoluci\u00f3n de 800 X 480 p\u00edxeles para una excelente visibilidad.<\/p>\n<p>Capacidad de 320 gr. X 0.001 gr.<\/p>\n<p>Tama\u00f1o del plato 4.3&#8243; \u00f8 \/ 110mm \u00f8<\/p>\n<p>calibraci\u00f3n externa<\/p>\n<p>Caracter\u00edsticas<\/p>\n<ul>\n<li>Pantalla t\u00e1ctil grande y sensible de 125mm y 800&#215;480 p\u00edxeles<\/li>\n<li>Nivel de aire y patas de nivelaci\u00f3n ajustables permiten una configuraci\u00f3n \u00f3ptima para optimizar los resultados de pesaje<\/li>\n<li>Ranura de seguridad para candado tipo Kensington para prevenir el robo de la unidad \u2022 Gran, plato de acero inoxidable tipo 304 permite la limpieza r\u00e1pida<\/li>\n<li>Interfaz RS-232 para proporcionar una conexi\u00f3n r\u00e1pida a computadoras e impresoras<\/li>\n<li>Host USB para la tarjeta de memoria y la interfaz USB I\/O \u2022 Carcasa y cabina dise\u00f1adas para reducir la interferencia electroest\u00e1tica con la balanza<\/li>\n<li>Memoria incorporada para almacenar productos y ajustes<\/li>\n<li>Calibraci\u00f3n externa permite la verificaci\u00f3n y el ajuste con masas<\/li>\n<li>Filtraci\u00f3n digital seleccionable para controlar los efectos de las vibraciones y perturbaciones<\/li>\n<li>Control de seguridad con contrase\u00f1a evita el acceso no autorizado<\/li>\n<li>Impresiones incluyen fecha, hora de los datos de seguimiento dentro de las directrices de Buenas Pr\u00e1cticas de Laboratorio (BPL)<\/li>\n<li>Funci\u00f3n de tara preajustados acelera el proceso de pesaje repetitivo \u2022 Recuento de piezas con elecci\u00f3n libre del tama\u00f1os de la muestra<\/li>\n<li>Pantalla multiling\u00fce permite el uso en diversas regiones del mundo<\/li>\n<li>Resultados totales de acumulaci\u00f3n de memoria<\/li>\n<li>Pesaje de control con alarma audible<\/li>\n<li>Adaptador de CA incluido<\/li>\n<\/ul>\n<p>&nbsp;<\/p>\n<p>Numero de catalogo ADAEPB363e<\/p>\n<p>&nbsp;<\/p>\n","protected":false},"excerpt":{"rendered":"<p>Para Aplicaciones de investigaci\u00f3n y control de calidad, educaci\u00f3n cient\u00edfica, conteo de precisi\u00f3n, y aplicaciones de producci\u00f3n y fabricaci\u00f3n que requieren resultados excepcionalmente precisos. Su pantalla t\u00e1ctil proporciona un funcionamiento intuitivo, con men\u00fas accionados por iconos y aplicaciones y funciones f\u00e1cilmente accesibles. La pantalla de cinco pulgadas ofrece una resoluci\u00f3n de 800 X 480 p\u00edxeles [&hellip;]<\/p>\n","protected":false},"featured_media":383,"comment_status":"open","ping_status":"closed","template":"","meta":[],"product_brand":[],"product_cat":[32,34],"product_tag":[43],"class_list":{"0":"post-382","1":"product","2":"type-product","3":"status-publish","4":"has-post-thumbnail","6":"product_cat-adam-equipment","7":"product_cat-balanza-de-precision","8":"product_tag-entrega-inmediata","10":"first","11":"instock","12":"shipping-taxable","13":"purchasable","14":"product-type-simple"},"_links":{"self":[{"href":"https:\/\/ebioquim.com\/tienda\/wp-json\/wp\/v2\/product\/382","targetHints":{"allow":["GET"]}}],"collection":[{"href":"https:\/\/ebioquim.com\/tienda\/wp-json\/wp\/v2\/product"}],"about":[{"href":"https:\/\/ebioquim.com\/tienda\/wp-json\/wp\/v2\/types\/product"}],"replies":[{"embeddable":true,"href":"https:\/\/ebioquim.com\/tienda\/wp-json\/wp\/v2\/comments?post=382"}],"wp:featuredmedia":[{"embeddable":true,"href":"https:\/\/ebioquim.com\/tienda\/wp-json\/wp\/v2\/media\/383"}],"wp:attachment":[{"href":"https:\/\/ebioquim.com\/tienda\/wp-json\/wp\/v2\/media?parent=382"}],"wp:term":[{"taxonomy":"product_brand","embeddable":true,"href":"https:\/\/ebioquim.com\/tienda\/wp-json\/wp\/v2\/product_brand?post=382"},{"taxonomy":"product_cat","embeddable":true,"href":"https:\/\/ebioquim.com\/tienda\/wp-json\/wp\/v2\/product_cat?post=382"},{"taxonomy":"product_tag","embeddable":true,"href":"https:\/\/ebioquim.com\/tienda\/wp-json\/wp\/v2\/product_tag?post=382"}],"curies":[{"name":"wp","href":"https:\/\/api.w.org\/{rel}","templated":true}]}}