{"id":381,"date":"2020-08-19T20:41:54","date_gmt":"2020-08-19T20:41:54","guid":{"rendered":"https:\/\/ebioquim.com\/tienda\/?post_type=product&#038;p=381"},"modified":"2020-09-09T00:28:17","modified_gmt":"2020-09-09T00:28:17","slug":"balanza-analitica-modelo-solis","status":"publish","type":"product","link":"https:\/\/ebioquim.com\/tienda\/producto\/balanza-analitica-modelo-solis\/","title":{"rendered":"Balanza anal\u00edtica Modelo solis"},"content":{"rendered":"<p>Con una pantalla gr\u00e1fica de alta resoluci\u00f3n y caracter\u00edsticas intuitivas, ideal para laboratorios de investigaci\u00f3n y control de calidad, educaci\u00f3n cient\u00edfica, conteo de precisi\u00f3n, aplicaciones de producci\u00f3n y fabricaci\u00f3n que necesitan resultados de precisi\u00f3n. Los usuarios pueden ver f\u00e1cilmente los datos completos en la pantalla gr\u00e1fica de gran tama\u00f1o. Capacidad de visualizaci\u00f3n multiling\u00fce permite el uso de las balanzas en diversas regiones. La formulaci\u00f3n se simplifica, ya que la serie Solis almacena hasta 99 ingredientes.<\/p>\n<p>Capacidad de 220 gr. X 0.0001 gr.<\/p>\n<p>Tama\u00f1o del plato 3.1&#8243; \u00f8 \/ 80mm \u00f8<\/p>\n<p>Calibraci\u00f3n interna autom\u00e1tica<\/p>\n<p>Caracter\u00edsticas<\/p>\n<ul>\n<li>La pantalla gr\u00e1fica de alta resoluci\u00f3n tiene un amplio tama\u00f1o para una visibilidad clara<\/li>\n<li>Nivel de aire y patas de nivelaci\u00f3n ajustables permiten una configuraci\u00f3n \u00f3ptima para optimizar los resultados de pesaje<\/li>\n<li>Ranura de seguridad para candado tipo Kensington para prevenir el robo de la unidad<\/li>\n<li>Gran, plato de acero inoxidable tipo 304 permite la limpieza r\u00e1pida<\/li>\n<li>Interfaz RS-232 para proporcionar una conexi\u00f3n r\u00e1pida a computadoras e impresoras<\/li>\n<li>Carcasa y cabina dise\u00f1adas para reducir la interferencia electroest\u00e1tica con la balanza<\/li>\n<li>Calibraci\u00f3n externa permite la verificaci\u00f3n y el ajuste con masas<\/li>\n<li>Filtraci\u00f3n digital seleccionable para controlar los efectos de las vibraciones y perturbaciones<\/li>\n<li>Control de seguridad con contrase\u00f1a evita el acceso no autorizado<\/li>\n<li>Impresiones incluyen fecha, hora de los datos de seguimiento dentro de las directrices de Buenas Pr\u00e1cticas de Laboratorio (BPL)<\/li>\n<li>Pantalla multiling\u00fce permite el uso en diversas regiones del mundo<\/li>\n<li>Resultados totales de acumulaci\u00f3n de memoria<\/li>\n<li>Pesaje de control con alarma audible<\/li>\n<li>Recuento de piezas con tama\u00f1os de muestra predeterminados<\/li>\n<li>Adaptador de CA incluido<\/li>\n<\/ul>\n<p>&nbsp;<\/p>\n<p>Numero de catalogo ADASAB224i<\/p>\n<p>&nbsp;<\/p>\n","protected":false},"excerpt":{"rendered":"<p>Con una pantalla gr\u00e1fica de alta resoluci\u00f3n y caracter\u00edsticas intuitivas, ideal para laboratorios de investigaci\u00f3n y control de calidad, educaci\u00f3n cient\u00edfica, conteo de precisi\u00f3n, aplicaciones de producci\u00f3n y fabricaci\u00f3n que necesitan resultados de precisi\u00f3n. Los usuarios pueden ver f\u00e1cilmente los datos completos en la pantalla gr\u00e1fica de gran tama\u00f1o. Capacidad de visualizaci\u00f3n multiling\u00fce permite el [&hellip;]<\/p>\n","protected":false},"featured_media":380,"comment_status":"open","ping_status":"closed","template":"","meta":[],"product_brand":[],"product_cat":[32,33],"product_tag":[43],"class_list":{"0":"post-381","1":"product","2":"type-product","3":"status-publish","4":"has-post-thumbnail","6":"product_cat-adam-equipment","7":"product_cat-balanza-analitica","8":"product_tag-entrega-inmediata","10":"first","11":"instock","12":"shipping-taxable","13":"purchasable","14":"product-type-simple"},"_links":{"self":[{"href":"https:\/\/ebioquim.com\/tienda\/wp-json\/wp\/v2\/product\/381","targetHints":{"allow":["GET"]}}],"collection":[{"href":"https:\/\/ebioquim.com\/tienda\/wp-json\/wp\/v2\/product"}],"about":[{"href":"https:\/\/ebioquim.com\/tienda\/wp-json\/wp\/v2\/types\/product"}],"replies":[{"embeddable":true,"href":"https:\/\/ebioquim.com\/tienda\/wp-json\/wp\/v2\/comments?post=381"}],"wp:featuredmedia":[{"embeddable":true,"href":"https:\/\/ebioquim.com\/tienda\/wp-json\/wp\/v2\/media\/380"}],"wp:attachment":[{"href":"https:\/\/ebioquim.com\/tienda\/wp-json\/wp\/v2\/media?parent=381"}],"wp:term":[{"taxonomy":"product_brand","embeddable":true,"href":"https:\/\/ebioquim.com\/tienda\/wp-json\/wp\/v2\/product_brand?post=381"},{"taxonomy":"product_cat","embeddable":true,"href":"https:\/\/ebioquim.com\/tienda\/wp-json\/wp\/v2\/product_cat?post=381"},{"taxonomy":"product_tag","embeddable":true,"href":"https:\/\/ebioquim.com\/tienda\/wp-json\/wp\/v2\/product_tag?post=381"}],"curies":[{"name":"wp","href":"https:\/\/api.w.org\/{rel}","templated":true}]}}