{"id":374,"date":"2020-08-19T20:34:03","date_gmt":"2020-08-19T20:34:03","guid":{"rendered":"https:\/\/ebioquim.com\/tienda\/?post_type=product&#038;p=374"},"modified":"2020-09-09T00:20:35","modified_gmt":"2020-09-09T00:20:35","slug":"esterilizador-electrico-modelo-dragon-300","status":"publish","type":"product","link":"https:\/\/ebioquim.com\/tienda\/producto\/esterilizador-electrico-modelo-dragon-300\/","title":{"rendered":"Esterilizador el\u00e9ctrico Modelo drag\u00f3n 300"},"content":{"rendered":"<p>Para aplicaciones de esterilizaci\u00f3n de asas, agujas y tubos de cultivo, evita la contaminaci\u00f3n cruzada ideal para uso en campanas de flujo laminar y de bioseguridad.<\/p>\n<p>Rango de temperatura de ambiente + 20 a 850 \u00b0C<\/p>\n<p>Watts 180 W<\/p>\n<p>Di\u00e1metro de la c\u00e1mara de 16 mm<\/p>\n<p>Dimensiones de 21 x 9 x 17 cm<\/p>\n<p>Voltaje 110V 60 Hz<\/p>\n<p>Marca Rocker<\/p>\n<p>&nbsp;<\/p>\n<p>Numero de catalogo 177300-11<\/p>\n<p>&nbsp;<\/p>\n","protected":false},"excerpt":{"rendered":"<p>Para aplicaciones de esterilizaci\u00f3n de asas, agujas y tubos de cultivo, evita la contaminaci\u00f3n cruzada ideal para uso en campanas de flujo laminar y de bioseguridad. Rango de temperatura de ambiente + 20 a 850 \u00b0C Watts 180 W Di\u00e1metro de la c\u00e1mara de 16 mm Dimensiones de 21 x 9 x 17 cm Voltaje [&hellip;]<\/p>\n","protected":false},"featured_media":375,"comment_status":"open","ping_status":"closed","template":"","meta":[],"product_brand":[],"product_cat":[31,28],"product_tag":[43],"class_list":{"0":"post-374","1":"product","2":"type-product","3":"status-publish","4":"has-post-thumbnail","6":"product_cat-esterilizador-electrico","7":"product_cat-rocker","8":"product_tag-entrega-inmediata","10":"first","11":"instock","12":"shipping-taxable","13":"purchasable","14":"product-type-simple"},"_links":{"self":[{"href":"https:\/\/ebioquim.com\/tienda\/wp-json\/wp\/v2\/product\/374","targetHints":{"allow":["GET"]}}],"collection":[{"href":"https:\/\/ebioquim.com\/tienda\/wp-json\/wp\/v2\/product"}],"about":[{"href":"https:\/\/ebioquim.com\/tienda\/wp-json\/wp\/v2\/types\/product"}],"replies":[{"embeddable":true,"href":"https:\/\/ebioquim.com\/tienda\/wp-json\/wp\/v2\/comments?post=374"}],"wp:featuredmedia":[{"embeddable":true,"href":"https:\/\/ebioquim.com\/tienda\/wp-json\/wp\/v2\/media\/375"}],"wp:attachment":[{"href":"https:\/\/ebioquim.com\/tienda\/wp-json\/wp\/v2\/media?parent=374"}],"wp:term":[{"taxonomy":"product_brand","embeddable":true,"href":"https:\/\/ebioquim.com\/tienda\/wp-json\/wp\/v2\/product_brand?post=374"},{"taxonomy":"product_cat","embeddable":true,"href":"https:\/\/ebioquim.com\/tienda\/wp-json\/wp\/v2\/product_cat?post=374"},{"taxonomy":"product_tag","embeddable":true,"href":"https:\/\/ebioquim.com\/tienda\/wp-json\/wp\/v2\/product_tag?post=374"}],"curies":[{"name":"wp","href":"https:\/\/api.w.org\/{rel}","templated":true}]}}