{"id":371,"date":"2020-08-19T20:26:34","date_gmt":"2020-08-19T20:26:34","guid":{"rendered":"https:\/\/ebioquim.com\/tienda\/?post_type=product&#038;p=371"},"modified":"2020-09-09T00:28:17","modified_gmt":"2020-09-09T00:28:17","slug":"bano-seco-digital-incluye-dos-bloques","status":"publish","type":"product","link":"https:\/\/ebioquim.com\/tienda\/producto\/bano-seco-digital-incluye-dos-bloques\/","title":{"rendered":"Ba\u00f1o seco digital incluye dos bloques"},"content":{"rendered":"<p>Control por microprocesador para aplicaciones de biolog\u00eda molecular y bioqu\u00edmica modelo SAHARA 320<\/p>\n<p>&nbsp;<\/p>\n<p>Capacidad para dos bloques<\/p>\n<p>Rango de temperatura de ambiente + 5 a 150 \u00b0C<\/p>\n<p>Estabilidad de +\/- 0.2 \u00b0C<\/p>\n<p>C\u00e1mara de calentamiento de aluminio recubierto de teflon<\/p>\n<p>Timer de 0 a 9999 min<\/p>\n<p>Display digital LED de 4 \u00bd\u201d<\/p>\n<p>Incluye dos bloques para tubos de 1.5\/2 ml<\/p>\n<p>Opera a 110 V, 60 Hz.<\/p>\n<p>Marca Rocker.<\/p>\n<p>&nbsp;<\/p>\n<p>Numero de catalogo ROC179320-11<\/p>\n<p>&nbsp;<\/p>\n","protected":false},"excerpt":{"rendered":"<p>Control por microprocesador para aplicaciones de biolog\u00eda molecular y bioqu\u00edmica modelo SAHARA 320 &nbsp; Capacidad para dos bloques Rango de temperatura de ambiente + 5 a 150 \u00b0C Estabilidad de +\/- 0.2 \u00b0C C\u00e1mara de calentamiento de aluminio recubierto de teflon Timer de 0 a 9999 min Display digital LED de 4 \u00bd\u201d Incluye dos [&hellip;]<\/p>\n","protected":false},"featured_media":372,"comment_status":"open","ping_status":"closed","template":"","meta":[],"product_brand":[],"product_cat":[30,28],"product_tag":[43],"class_list":{"0":"post-371","1":"product","2":"type-product","3":"status-publish","4":"has-post-thumbnail","6":"product_cat-bano-seco-digital","7":"product_cat-rocker","8":"product_tag-entrega-inmediata","10":"first","11":"instock","12":"shipping-taxable","13":"purchasable","14":"product-type-simple"},"_links":{"self":[{"href":"https:\/\/ebioquim.com\/tienda\/wp-json\/wp\/v2\/product\/371","targetHints":{"allow":["GET"]}}],"collection":[{"href":"https:\/\/ebioquim.com\/tienda\/wp-json\/wp\/v2\/product"}],"about":[{"href":"https:\/\/ebioquim.com\/tienda\/wp-json\/wp\/v2\/types\/product"}],"replies":[{"embeddable":true,"href":"https:\/\/ebioquim.com\/tienda\/wp-json\/wp\/v2\/comments?post=371"}],"wp:featuredmedia":[{"embeddable":true,"href":"https:\/\/ebioquim.com\/tienda\/wp-json\/wp\/v2\/media\/372"}],"wp:attachment":[{"href":"https:\/\/ebioquim.com\/tienda\/wp-json\/wp\/v2\/media?parent=371"}],"wp:term":[{"taxonomy":"product_brand","embeddable":true,"href":"https:\/\/ebioquim.com\/tienda\/wp-json\/wp\/v2\/product_brand?post=371"},{"taxonomy":"product_cat","embeddable":true,"href":"https:\/\/ebioquim.com\/tienda\/wp-json\/wp\/v2\/product_cat?post=371"},{"taxonomy":"product_tag","embeddable":true,"href":"https:\/\/ebioquim.com\/tienda\/wp-json\/wp\/v2\/product_tag?post=371"}],"curies":[{"name":"wp","href":"https:\/\/api.w.org\/{rel}","templated":true}]}}