{"id":369,"date":"2020-08-19T20:05:02","date_gmt":"2020-08-19T20:05:02","guid":{"rendered":"https:\/\/ebioquim.com\/tienda\/?post_type=product&#038;p=369"},"modified":"2020-09-09T00:28:17","modified_gmt":"2020-09-09T00:28:17","slug":"sistema-de-filtracion-completo-incluye-bomba-de-vacio-lafil-300-lf30","status":"publish","type":"product","link":"https:\/\/ebioquim.com\/tienda\/producto\/sistema-de-filtracion-completo-incluye-bomba-de-vacio-lafil-300-lf30\/","title":{"rendered":"Sistema de filtraci\u00f3n completo incluye bomba de vac\u00edo Lafil 300 LF30"},"content":{"rendered":"<p>Sistema de filtraci\u00f3n completo para aplicaciones de filtraciones en general, pruebas de microbiolog\u00eda y solidos suspendidos<\/p>\n<p>Dise\u00f1o compacto para ahorro de espacio<\/p>\n<p>Embudo de pl\u00e1stico (PES)<\/p>\n<p>Capacidad del embudo 300 ml\/1200 ml<\/p>\n<p>Rango de flujo m\u00e1ximo de 23 l\/min<\/p>\n<p>vac\u00edo m\u00e1ximo de 27 in Hg<\/p>\n<p>Area de filtraci\u00f3n 12.5 cm2<\/p>\n<p>Bomba de tipo pist\u00f3n potencia de 1\/8 HP<\/p>\n<p>Voltaje 110 V<\/p>\n<p>Incluye: bomba de vac\u00edo Lafil 300, embudo con soporte, tapo de silic\u00f3n, frasco con tapa y tuber\u00eda de silic\u00f3n.<\/p>\n<p>Marca Rocker<\/p>\n<p>&nbsp;<\/p>\n","protected":false},"excerpt":{"rendered":"<p>Sistema de filtraci\u00f3n completo para aplicaciones de filtraciones en general, pruebas de microbiolog\u00eda y solidos suspendidos Dise\u00f1o compacto para ahorro de espacio Embudo de pl\u00e1stico (PES) Capacidad del embudo 300 ml\/1200 ml Rango de flujo m\u00e1ximo de 23 l\/min vac\u00edo m\u00e1ximo de 27 in Hg Area de filtraci\u00f3n 12.5 cm2 Bomba de tipo pist\u00f3n potencia [&hellip;]<\/p>\n","protected":false},"featured_media":370,"comment_status":"open","ping_status":"closed","template":"","meta":[],"product_brand":[],"product_cat":[28,29],"product_tag":[43],"class_list":{"0":"post-369","1":"product","2":"type-product","3":"status-publish","4":"has-post-thumbnail","6":"product_cat-rocker","7":"product_cat-sistema-de-filtracion","8":"product_tag-entrega-inmediata","10":"first","11":"instock","12":"shipping-taxable","13":"purchasable","14":"product-type-simple"},"_links":{"self":[{"href":"https:\/\/ebioquim.com\/tienda\/wp-json\/wp\/v2\/product\/369","targetHints":{"allow":["GET"]}}],"collection":[{"href":"https:\/\/ebioquim.com\/tienda\/wp-json\/wp\/v2\/product"}],"about":[{"href":"https:\/\/ebioquim.com\/tienda\/wp-json\/wp\/v2\/types\/product"}],"replies":[{"embeddable":true,"href":"https:\/\/ebioquim.com\/tienda\/wp-json\/wp\/v2\/comments?post=369"}],"wp:featuredmedia":[{"embeddable":true,"href":"https:\/\/ebioquim.com\/tienda\/wp-json\/wp\/v2\/media\/370"}],"wp:attachment":[{"href":"https:\/\/ebioquim.com\/tienda\/wp-json\/wp\/v2\/media?parent=369"}],"wp:term":[{"taxonomy":"product_brand","embeddable":true,"href":"https:\/\/ebioquim.com\/tienda\/wp-json\/wp\/v2\/product_brand?post=369"},{"taxonomy":"product_cat","embeddable":true,"href":"https:\/\/ebioquim.com\/tienda\/wp-json\/wp\/v2\/product_cat?post=369"},{"taxonomy":"product_tag","embeddable":true,"href":"https:\/\/ebioquim.com\/tienda\/wp-json\/wp\/v2\/product_tag?post=369"}],"curies":[{"name":"wp","href":"https:\/\/api.w.org\/{rel}","templated":true}]}}