{"id":367,"date":"2020-08-19T19:39:54","date_gmt":"2020-08-19T19:39:54","guid":{"rendered":"https:\/\/ebioquim.com\/tienda\/?post_type=product&#038;p=367"},"modified":"2021-08-27T18:02:09","modified_gmt":"2021-08-27T18:02:09","slug":"sistema-de-filtracion-completo-incluye-bomba-de-vacio-modelo-rocker-300","status":"publish","type":"product","link":"https:\/\/ebioquim.com\/tienda\/producto\/sistema-de-filtracion-completo-incluye-bomba-de-vacio-modelo-rocker-300\/","title":{"rendered":"Sistema de filtraci\u00f3n completo incluye bomba de vac\u00edo modelo Rocker 300"},"content":{"rendered":"<p>Sistema de filtraci\u00f3n completo para aplicaciones de filtraciones en general, pruebas de microbiolog\u00eda y solidos suspendidos Modelo Rocker 300 \u2013 MF31<\/p>\n<p>Embudo magn\u00e9tico de pl\u00e1stico (PES)<\/p>\n<p>Capacidad del embudo 300 ml\/1000 ml<\/p>\n<p>Rango de flujo m\u00e1ximo de 23 l\/min<\/p>\n<p>vac\u00edo m\u00e1ximo de 27 in Hg<\/p>\n<p>Area de filtraci\u00f3n 13.1 cm2<\/p>\n<p>Bomba de tipo pist\u00f3n potencia de 1\/6 HP<\/p>\n<p>Voltaje 110 V<\/p>\n<p>Incluye: bomba de vac\u00edo rocker 300, Set de filtraci\u00f3n MF31 y tuber\u00eda de silic\u00f3n (1m)<\/p>\n<p>Marca Rocker<\/p>\n<p>&nbsp;<\/p>\n<p>&nbsp;<\/p>\n<p>&nbsp;<\/p>\n","protected":false},"excerpt":{"rendered":"<p>Sistema de filtraci\u00f3n completo para aplicaciones de filtraciones en general, pruebas de microbiolog\u00eda y solidos suspendidos Modelo Rocker 300 \u2013 MF31 Embudo magn\u00e9tico de pl\u00e1stico (PES) Capacidad del embudo 300 ml\/1000 ml Rango de flujo m\u00e1ximo de 23 l\/min vac\u00edo m\u00e1ximo de 27 in Hg Area de filtraci\u00f3n 13.1 cm2 Bomba de tipo pist\u00f3n potencia [&hellip;]<\/p>\n","protected":false},"featured_media":368,"comment_status":"open","ping_status":"closed","template":"","meta":[],"product_brand":[],"product_cat":[28,29],"product_tag":[43],"class_list":{"0":"post-367","1":"product","2":"type-product","3":"status-publish","4":"has-post-thumbnail","6":"product_cat-rocker","7":"product_cat-sistema-de-filtracion","8":"product_tag-entrega-inmediata","10":"first","11":"outofstock","12":"shipping-taxable","13":"purchasable","14":"product-type-simple"},"_links":{"self":[{"href":"https:\/\/ebioquim.com\/tienda\/wp-json\/wp\/v2\/product\/367","targetHints":{"allow":["GET"]}}],"collection":[{"href":"https:\/\/ebioquim.com\/tienda\/wp-json\/wp\/v2\/product"}],"about":[{"href":"https:\/\/ebioquim.com\/tienda\/wp-json\/wp\/v2\/types\/product"}],"replies":[{"embeddable":true,"href":"https:\/\/ebioquim.com\/tienda\/wp-json\/wp\/v2\/comments?post=367"}],"wp:featuredmedia":[{"embeddable":true,"href":"https:\/\/ebioquim.com\/tienda\/wp-json\/wp\/v2\/media\/368"}],"wp:attachment":[{"href":"https:\/\/ebioquim.com\/tienda\/wp-json\/wp\/v2\/media?parent=367"}],"wp:term":[{"taxonomy":"product_brand","embeddable":true,"href":"https:\/\/ebioquim.com\/tienda\/wp-json\/wp\/v2\/product_brand?post=367"},{"taxonomy":"product_cat","embeddable":true,"href":"https:\/\/ebioquim.com\/tienda\/wp-json\/wp\/v2\/product_cat?post=367"},{"taxonomy":"product_tag","embeddable":true,"href":"https:\/\/ebioquim.com\/tienda\/wp-json\/wp\/v2\/product_tag?post=367"}],"curies":[{"name":"wp","href":"https:\/\/api.w.org\/{rel}","templated":true}]}}