{"id":339,"date":"2020-08-11T02:05:52","date_gmt":"2020-08-11T02:05:52","guid":{"rendered":"https:\/\/ebioquim.com\/tienda\/?post_type=product&#038;p=339"},"modified":"2020-08-24T17:15:49","modified_gmt":"2020-08-24T17:15:49","slug":"evaporador-rotatorio-2-litros-elevacion-manual","status":"publish","type":"product","link":"https:\/\/ebioquim.com\/tienda\/producto\/evaporador-rotatorio-2-litros-elevacion-manual\/","title":{"rendered":"Evaporador Rotatorio &#8211; 2 litros elevaci\u00f3n \/ Manual"},"content":{"rendered":"<p><span style=\"font-weight: 400;\">Operaci\u00f3n visual f\u00e1cil display digital de velocidad y temperatura<\/span><\/p>\n<p><span style=\"font-weight: 400;\">Cristaler\u00eda de alto borosilicato 3.3 en forma vertical controlador de temperatura PID\u00a0<\/span><\/p>\n<p><span style=\"font-weight: 400;\">F\u00e1cil elevaci\u00f3n manual de varios niveles con bloqueo seguro para el matraz de evaporaci\u00f3n.<\/span><\/p>\n<p><span style=\"font-weight: 400;\">Juntas de PTFE y Viton resistentes a disolventes.<\/span><\/p>\n<p><span style=\"font-weight: 400;\">Protecci\u00f3n contra sobre calentamiento del ba\u00f1o de agua y protecci\u00f3n contra fusibles.<\/span><\/p>\n<p><span style=\"font-weight: 400;\">Rotaci\u00f3n constante a velocidades de 10 a 180 rpm<\/span><\/p>\n<p><span style=\"font-weight: 400;\">Ba\u00f1o digital de acero inoxidable rango de ambiente a 99\u00b0C<\/span><\/p>\n<p><span style=\"font-weight: 400;\">Opera a 110 VAC 60 hz. una fase<\/span><\/p>\n<p><span style=\"font-weight: 400;\">Marca Acros International<\/span><\/p>\n<p>&nbsp;<\/p>\n<p><span style=\"font-weight: 400;\">Catalogo AISE05.110 evaporador capacidad de 2 litros elevaci\u00f3n manual matraz recibidor de 1 litro<\/span><\/p>\n","protected":false},"excerpt":{"rendered":"<p>Operaci\u00f3n visual f\u00e1cil display digital de velocidad y temperatura Cristaler\u00eda de alto borosilicato 3.3 en forma vertical controlador de temperatura PID\u00a0 F\u00e1cil elevaci\u00f3n manual de varios niveles con bloqueo seguro para el matraz de evaporaci\u00f3n. Juntas de PTFE y Viton resistentes a disolventes. Protecci\u00f3n contra sobre calentamiento del ba\u00f1o de agua y protecci\u00f3n contra fusibles. [&hellip;]<\/p>\n","protected":false},"featured_media":344,"comment_status":"open","ping_status":"closed","template":"","meta":[],"product_brand":[],"product_cat":[22,26],"product_tag":[],"class_list":{"0":"post-339","1":"product","2":"type-product","3":"status-publish","4":"has-post-thumbnail","6":"product_cat-across-international","7":"product_cat-evaporador-rotatorio","9":"first","10":"instock","11":"shipping-taxable","12":"purchasable","13":"product-type-simple"},"_links":{"self":[{"href":"https:\/\/ebioquim.com\/tienda\/wp-json\/wp\/v2\/product\/339","targetHints":{"allow":["GET"]}}],"collection":[{"href":"https:\/\/ebioquim.com\/tienda\/wp-json\/wp\/v2\/product"}],"about":[{"href":"https:\/\/ebioquim.com\/tienda\/wp-json\/wp\/v2\/types\/product"}],"replies":[{"embeddable":true,"href":"https:\/\/ebioquim.com\/tienda\/wp-json\/wp\/v2\/comments?post=339"}],"wp:featuredmedia":[{"embeddable":true,"href":"https:\/\/ebioquim.com\/tienda\/wp-json\/wp\/v2\/media\/344"}],"wp:attachment":[{"href":"https:\/\/ebioquim.com\/tienda\/wp-json\/wp\/v2\/media?parent=339"}],"wp:term":[{"taxonomy":"product_brand","embeddable":true,"href":"https:\/\/ebioquim.com\/tienda\/wp-json\/wp\/v2\/product_brand?post=339"},{"taxonomy":"product_cat","embeddable":true,"href":"https:\/\/ebioquim.com\/tienda\/wp-json\/wp\/v2\/product_cat?post=339"},{"taxonomy":"product_tag","embeddable":true,"href":"https:\/\/ebioquim.com\/tienda\/wp-json\/wp\/v2\/product_tag?post=339"}],"curies":[{"name":"wp","href":"https:\/\/api.w.org\/{rel}","templated":true}]}}